{"id":3225,"date":"2023-01-09T08:52:54","date_gmt":"2023-01-09T07:52:54","guid":{"rendered":"https:\/\/kajakkomarno.sk\/clenska-zakladna\/"},"modified":"2025-10-16T09:37:12","modified_gmt":"2025-10-16T07:37:12","slug":"clenska-zakladna","status":"publish","type":"page","link":"https:\/\/kajakkomarno.sk\/hu\/clenska-zakladna\/","title":{"rendered":"Klubtagok"},"content":{"rendered":"\n<p><strong>A KKK Kom\u00e1rom tags\u00e1gi igazolv\u00e1ny\u00e1nak birtokosai<br data-start=\"47\" data-end=\"50\"\/>2021. m\u00e1rcius 16-i \u00e1llapot szerint&#13;\n&#13;\n<\/strong>Alfoldy \u00c1bel U 2021<strong>&#13;\n<\/strong>Ambrus Attila U 2021&#13;\nBa\u010da Juraj&#13;\nBel\u00e1n Markus U 2021&#13;\nBergogna Pier U&#13;\nBerecz D\u00e1vid U 2021&#13;\nBogd\u00e1ny Zsolt&#13;\nBohusov\u00e1 So\u0148a U 2021&#13;\nBorb\u00e9ly Jaroslv U 2021&#13;\nB\u00f3na Szil\u00e1rd U 2021&#13;\nB\u00f3nov\u00e1 Zoe U 2021&#13;\nBotek Adam U 2021&#13;\nBroczky Ladislav U 2021&#13;\nBukovsky Tibor U 2021&#13;\nBug\u00e1r Marek U 2021&#13;\nBug\u00e1r R\u00e9ka U 2021&#13;\nD\u00e1ni Dominik U 2021&#13;\nDallos Jozef U 2021&#13;\nDem\u00e1\u010dek Samuel U 2021&#13;\nDem\u00e1\u010dekov\u00e1 Lucia U 2021&#13;\nDemin Viktor U 2021&#13;\nDobrovi\u010d Vladim\u00edr&#13;\nDoktor\u00edk Dominik U 2021&#13;\nDoktor\u00edk Jakub U 2021&#13;\nDoktor\u00edkov\u00e1 Anna U 2021&#13;\nDos\u00fadil Franti\u0161ek&#13;\nDos\u00fadilov\u00e1 Eva&#13;\nDos\u00fadilov\u00e1 Gr\u00e9ta U 2021&#13;\nDubran Jakub U 2021&#13;\n\u010eur\u010do Marek U 2021&#13;\n\u010eur\u010dov\u00e1 Nadine U 2021&#13;\nFarka\u0161 Erik&#13;\nFarka\u0161 \u0160tefan&#13;\nFarka\u0161 Tom\u00e1\u0161&#13;\nFarka\u0161ov\u00e1 Samanta&#13;\nGacsal \u00c1kos U 2021&#13;\nG\u00e1l Franti\u0161ek&#13;\nGrolmus Luk\u00e1\u0161 U 2021&#13;\nGrolmusov\u00e1 Bibi\u00e1na&#13;\nGy\u0151ri D\u00e1vid U 2021&#13;\nGy\u0151ri Tibor U 2021&#13;\nHalabrin Jakub&#13;\nHamran Gerg\u0151 U 2021&#13;\nHamran Juraj ml.. U 2021&#13;\nHamran Juraj st. U 2021&#13;\nHavran \u0160tefan U 2021&#13;\nHlu\u0161ko Marek&#13;\nHlu\u0161ko Martin U 2021&#13;\nHodek D\u00e1vid U 2021&#13;\nHodek Oskar&#13;\nHod\u00far Tom\u00e1\u0161 U 2021&#13;\nHorv\u00e1th \u00c1d\u00e1m&#13;\nHorv\u00e1th \u0160tefan&#13;\nHovorka M\u00e1rk U 2021&#13;\nHozlinger Michael&#13;\nIkr\u00e9ni M\u00e1rk U 2021&#13;\nIkr\u00e9niov\u00e1 Vikt\u00f3ria&#13;\nJel\u00ednkov\u00e1 Aneta&#13;\nKajt\u00e1r Viktor&#13;\nKartali \u00c1ron U 2021&#13;\nKert\u00e9sz R\u00e9ka&#13;\nKinczer Mat\u00fa\u0161 U 2021&#13;\nKnirs Imre&#13;\nKoranda Luk\u00e1\u0161 U 2021&#13;\nKoczka Hunor U 2021&#13;\nKoczk\u00e1s Oliver U 2021&#13;\nKov\u00e1cs Attila&#13;\nKov\u00e1cs Vikt\u00f3ria U 2021&#13;\nKraj\u010d\u00ed Ladislav U 2021&#13;\nKun Kri\u0161t\u00f3f&#13;\nLengyel \u00c1kos U 2021&#13;\nLik\u00e9r Peter U 2021&#13;\nLik\u00e9rov\u00e1 Eva U 2021&#13;\nLopata Matej U 2021&#13;\nLopatov\u00e1 Adela U 2021&#13;\nL\u0151rincz Bal\u00e1zs&#13;\nL\u0151rincz Levente&#13;\nLuk\u00e1\u010d Teo U 2021&#13;\nMacek Jozef&#13;\nM\u00e1del Michal ml.&#13;\nM\u00e1del Michal st.&#13;\nMagyarics Ferenc&#13;\nMal\u00edk Peter U 2021&#13;\nMal\u00edk Zdenko U 2021&#13;\nMarkovi\u010dov\u00e1 Diana U 2021&#13;\nMarsal M\u00e1t\u00e9 U 2021&#13;\nMedov\u010d\u00edkov\u00e1 Krist\u00edna U 2021&#13;\nMedov\u010d\u00edkov\u00e1 Laura U 2021&#13;\nM\u00e9hes Zolt\u00e1n&#13;\nMeszl\u00e9nyi M\u00e1rk U2021&#13;\nMihajlovi\u010dov\u00e1 Petra U 2021&#13;\nMoln\u00e1r Anik\u00f3 U 2021&#13;\nMoln\u00e1r Attila U 2021&#13;\nNagy Dominik U 2021&#13;\nNagy Oliver&#13;\nNagy Patrik&#13;\nNagy P\u00e9ter Bal\u00e1zs&#13;\nNagy Szofia U 2021&#13;\nN\u00e1hlik Pavol ml.&#13;\nN\u00e1hlik Pavol st. U 2021&#13;\nN\u00e9meth \u013dudovit U 2021&#13;\nN\u00e9meth Tom\u00e1\u0161 U 2021&#13;\n\u00d3dor Alex U 2021&#13;\n\u00d3dor Ladislav U 2021&#13;\nOlegra Daniel&#13;\nOri Tom\u00e1\u0161 U 2021&#13;\nOtt Jakab&#13;\nP\u00e1lmay D\u00e1vid&#13;\nPaluskov\u00e1 Tunde&#13;\nParaska \u0160tefan&#13;\nPetru\u0161ov\u00e1 Iveta U 2021&#13;\nPetru\u0161ov\u00e1 Mariana U 2021&#13;\nPikor Peter U 2021&#13;\nPikorov\u00e1 Karin U 2021&#13;\nPlavcov\u00e1 Barica U 2021&#13;\nPodleiszek D\u00e1vid U 2021&#13;\nPodleiszek Filip U 2021&#13;\nPolhammer Ladislav U 2021&#13;\nPt\u00e1\u010dkov\u00e1 Eli\u0161ka&#13;\nRoder Matej&#13;\nRuhanen Sophie U 2021&#13;\nSander Erik&#13;\nSchrimpel Peter U 2021&#13;\nSo\u00f3s Gabriel&#13;\nSo\u00f3s Tibor U 2021&#13;\n\u0160kod\u00e1\u010dek Gust\u00e1v&#13;\n\u0160vec B\u00e1lint&#13;\nSzab\u00f3 Attila&#13;\nSzab\u00f3 Michael&#13;\nSzab\u00f3 Tibor&#13;\nSzab\u00f3 Zolt\u00e1n&#13;\nSzab\u00f3 Zsolt&#13;\nSzenciov\u00e1 Nat\u00e1lia U 2021&#13;\nSzigeti Nikolas&#13;\nSz\u0151nyi Juraj U 2021&#13;\nTarr Juraj ml. U 2021&#13;\nTarr Juraj st.&#13;\nToth Daniel U 2021&#13;\nT\u00f3th \u013dudovit ml. U 2021&#13;\nT\u00f3th \u013dudovit st. U 2021&#13;\nT\u00f3th Michal U 2021&#13;\nT\u00f3th Norbert U 2021&#13;\nT\u00f3thov\u00e1 Nata\u0161a U 2021&#13;\nT\u00f3thov\u00e1 Tamara U 2021&#13;\nUjv\u00e1ri Marko&#13;\nV\u00e1mos D\u00f3ra U 2021&#13;\nV\u00e1mos Panna U 2021&#13;\nVerner Domnik&#13;\nVida Richard U 2021&#13;\nVidov\u00e1 Nella U 2021&#13;\nViszlai Igor U 2021&#13;\nViszlay \u0160tefan U 2021&#13;\nVl\u010dek Erik U 2021&#13;\nVl\u010dek Eugen U 2021&#13;\nWittichov\u00e1 Anita U 2021&#13;\nZauko R\u00f3bert&#13;\nZauko Viktor&#13;\nZrnek Jakub&#13;\nZrnekov\u00e1 Michaela U 2021<\/p>\n","protected":false},"excerpt":{"rendered":"<p>A KKK Kom\u00e1rom tags\u00e1gi igazolv\u00e1ny\u00e1nak birtokosai2021. m\u00e1rcius 16-i \u00e1llapot szerint&#13; &#13; Alfoldy \u00c1bel U 2021&#13; Ambrus Attila U 2021&#13; Ba\u010da Juraj&#13; Bel\u00e1n Markus U 2021&#13; Bergogna Pier U&#13; Berecz D\u00e1vid U 2021&#13; Bogd\u00e1ny Zsolt&#13; Bohusov\u00e1 So\u0148a U 2021&#13; Borb\u00e9ly Jaroslv U 2021&#13; B\u00f3na Szil\u00e1rd U 2021&#13; B\u00f3nov\u00e1 Zoe U 2021&#13; Botek Adam U 2021&#13; Broczky [&hellip;]<\/p>\n","protected":false},"author":1,"featured_media":0,"parent":0,"menu_order":0,"comment_status":"closed","ping_status":"closed","template":"","meta":{"inline_featured_image":false,"footnotes":""},"class_list":["post-3225","page","type-page","status-publish","hentry"],"acf":[],"yoast_head":"<!-- This site is optimized with the Yoast SEO plugin v26.6 - https:\/\/yoast.com\/wordpress\/plugins\/seo\/ -->\n<title>Klubtagok - Kajak &amp; kanoe klub Kom\u00e1rno<\/title>\n<meta name=\"robots\" content=\"index, follow, max-snippet:-1, max-image-preview:large, max-video-preview:-1\" \/>\n<link rel=\"canonical\" href=\"https:\/\/kajakkomarno.sk\/hu\/clenska-zakladna\/\" \/>\n<meta property=\"og:locale\" content=\"hu_HU\" \/>\n<meta property=\"og:type\" content=\"article\" \/>\n<meta property=\"og:title\" content=\"Klubtagok - Kajak &amp; kanoe klub Kom\u00e1rno\" \/>\n<meta property=\"og:description\" content=\"A KKK Kom\u00e1rom tags\u00e1gi igazolv\u00e1ny\u00e1nak birtokosai2021. m\u00e1rcius 16-i \u00e1llapot szerint&#013; &#013; Alfoldy \u00c1bel U 2021&#013; Ambrus Attila U 2021&#013; Ba\u010da Juraj&#013; Bel\u00e1n Markus U 2021&#013; Bergogna Pier U&#013; Berecz D\u00e1vid U 2021&#013; Bogd\u00e1ny Zsolt&#013; Bohusov\u00e1 So\u0148a U 2021&#013; Borb\u00e9ly Jaroslv U 2021&#013; B\u00f3na Szil\u00e1rd U 2021&#013; B\u00f3nov\u00e1 Zoe U 2021&#013; Botek Adam U 2021&#013; Broczky [&hellip;]\" \/>\n<meta property=\"og:url\" content=\"https:\/\/kajakkomarno.sk\/hu\/clenska-zakladna\/\" \/>\n<meta property=\"og:site_name\" content=\"Kajak &amp; kanoe klub Kom\u00e1rno\" \/>\n<meta property=\"article:modified_time\" content=\"2025-10-16T07:37:12+00:00\" \/>\n<meta name=\"twitter:card\" content=\"summary_large_image\" \/>\n<meta name=\"twitter:label1\" content=\"Becs\u00fclt olvas\u00e1si id\u0151\" \/>\n\t<meta name=\"twitter:data1\" content=\"3 perc\" \/>\n<script type=\"application\/ld+json\" class=\"yoast-schema-graph\">{\"@context\":\"https:\/\/schema.org\",\"@graph\":[{\"@type\":\"WebPage\",\"@id\":\"https:\/\/kajakkomarno.sk\/hu\/clenska-zakladna\/\",\"url\":\"https:\/\/kajakkomarno.sk\/hu\/clenska-zakladna\/\",\"name\":\"Klubtagok - Kajak &amp; kanoe klub Kom\u00e1rno\",\"isPartOf\":{\"@id\":\"https:\/\/kajakkomarno.sk\/#website\"},\"datePublished\":\"2023-01-09T07:52:54+00:00\",\"dateModified\":\"2025-10-16T07:37:12+00:00\",\"breadcrumb\":{\"@id\":\"https:\/\/kajakkomarno.sk\/hu\/clenska-zakladna\/#breadcrumb\"},\"inLanguage\":\"hu\",\"potentialAction\":[{\"@type\":\"ReadAction\",\"target\":[\"https:\/\/kajakkomarno.sk\/hu\/clenska-zakladna\/\"]}]},{\"@type\":\"BreadcrumbList\",\"@id\":\"https:\/\/kajakkomarno.sk\/hu\/clenska-zakladna\/#breadcrumb\",\"itemListElement\":[{\"@type\":\"ListItem\",\"position\":1,\"name\":\"Domov\",\"item\":\"https:\/\/kajakkomarno.sk\/hu\/fooldal\/\"},{\"@type\":\"ListItem\",\"position\":2,\"name\":\"Klubtagok\"}]},{\"@type\":\"WebSite\",\"@id\":\"https:\/\/kajakkomarno.sk\/#website\",\"url\":\"https:\/\/kajakkomarno.sk\/\",\"name\":\"Kajak &amp; kanoe klub Kom\u00e1rno\",\"description\":\"\",\"publisher\":{\"@id\":\"https:\/\/kajakkomarno.sk\/#organization\"},\"potentialAction\":[{\"@type\":\"SearchAction\",\"target\":{\"@type\":\"EntryPoint\",\"urlTemplate\":\"https:\/\/kajakkomarno.sk\/?s={search_term_string}\"},\"query-input\":{\"@type\":\"PropertyValueSpecification\",\"valueRequired\":true,\"valueName\":\"search_term_string\"}}],\"inLanguage\":\"hu\"},{\"@type\":\"Organization\",\"@id\":\"https:\/\/kajakkomarno.sk\/#organization\",\"name\":\"Kajak &amp; kanoe klub Kom\u00e1rno\",\"url\":\"https:\/\/kajakkomarno.sk\/\",\"logo\":{\"@type\":\"ImageObject\",\"inLanguage\":\"hu\",\"@id\":\"https:\/\/kajakkomarno.sk\/#\/schema\/logo\/image\/\",\"url\":\"https:\/\/kajakkomarno.sk\/wp-content\/uploads\/2022\/12\/kajak-kanoe-klub-komarno-optimized-opt.svg\",\"contentUrl\":\"https:\/\/kajakkomarno.sk\/wp-content\/uploads\/2022\/12\/kajak-kanoe-klub-komarno-optimized-opt.svg\",\"width\":307,\"height\":66,\"caption\":\"Kajak &amp; kanoe klub Kom\u00e1rno\"},\"image\":{\"@id\":\"https:\/\/kajakkomarno.sk\/#\/schema\/logo\/image\/\"}}]}<\/script>\n<!-- \/ Yoast SEO plugin. -->","yoast_head_json":{"title":"Klubtagok - Kajak &amp; kanoe klub Kom\u00e1rno","robots":{"index":"index","follow":"follow","max-snippet":"max-snippet:-1","max-image-preview":"max-image-preview:large","max-video-preview":"max-video-preview:-1"},"canonical":"https:\/\/kajakkomarno.sk\/hu\/clenska-zakladna\/","og_locale":"hu_HU","og_type":"article","og_title":"Klubtagok - Kajak &amp; kanoe klub Kom\u00e1rno","og_description":"A KKK Kom\u00e1rom tags\u00e1gi igazolv\u00e1ny\u00e1nak birtokosai2021. m\u00e1rcius 16-i \u00e1llapot szerint&#13; &#13; Alfoldy \u00c1bel U 2021&#13; Ambrus Attila U 2021&#13; Ba\u010da Juraj&#13; Bel\u00e1n Markus U 2021&#13; Bergogna Pier U&#13; Berecz D\u00e1vid U 2021&#13; Bogd\u00e1ny Zsolt&#13; Bohusov\u00e1 So\u0148a U 2021&#13; Borb\u00e9ly Jaroslv U 2021&#13; B\u00f3na Szil\u00e1rd U 2021&#13; B\u00f3nov\u00e1 Zoe U 2021&#13; Botek Adam U 2021&#13; Broczky [&hellip;]","og_url":"https:\/\/kajakkomarno.sk\/hu\/clenska-zakladna\/","og_site_name":"Kajak &amp; kanoe klub Kom\u00e1rno","article_modified_time":"2025-10-16T07:37:12+00:00","twitter_card":"summary_large_image","twitter_misc":{"Becs\u00fclt olvas\u00e1si id\u0151":"3 perc"},"schema":{"@context":"https:\/\/schema.org","@graph":[{"@type":"WebPage","@id":"https:\/\/kajakkomarno.sk\/hu\/clenska-zakladna\/","url":"https:\/\/kajakkomarno.sk\/hu\/clenska-zakladna\/","name":"Klubtagok - Kajak &amp; kanoe klub Kom\u00e1rno","isPartOf":{"@id":"https:\/\/kajakkomarno.sk\/#website"},"datePublished":"2023-01-09T07:52:54+00:00","dateModified":"2025-10-16T07:37:12+00:00","breadcrumb":{"@id":"https:\/\/kajakkomarno.sk\/hu\/clenska-zakladna\/#breadcrumb"},"inLanguage":"hu","potentialAction":[{"@type":"ReadAction","target":["https:\/\/kajakkomarno.sk\/hu\/clenska-zakladna\/"]}]},{"@type":"BreadcrumbList","@id":"https:\/\/kajakkomarno.sk\/hu\/clenska-zakladna\/#breadcrumb","itemListElement":[{"@type":"ListItem","position":1,"name":"Domov","item":"https:\/\/kajakkomarno.sk\/hu\/fooldal\/"},{"@type":"ListItem","position":2,"name":"Klubtagok"}]},{"@type":"WebSite","@id":"https:\/\/kajakkomarno.sk\/#website","url":"https:\/\/kajakkomarno.sk\/","name":"Kajak &amp; kanoe klub Kom\u00e1rno","description":"","publisher":{"@id":"https:\/\/kajakkomarno.sk\/#organization"},"potentialAction":[{"@type":"SearchAction","target":{"@type":"EntryPoint","urlTemplate":"https:\/\/kajakkomarno.sk\/?s={search_term_string}"},"query-input":{"@type":"PropertyValueSpecification","valueRequired":true,"valueName":"search_term_string"}}],"inLanguage":"hu"},{"@type":"Organization","@id":"https:\/\/kajakkomarno.sk\/#organization","name":"Kajak &amp; kanoe klub Kom\u00e1rno","url":"https:\/\/kajakkomarno.sk\/","logo":{"@type":"ImageObject","inLanguage":"hu","@id":"https:\/\/kajakkomarno.sk\/#\/schema\/logo\/image\/","url":"https:\/\/kajakkomarno.sk\/wp-content\/uploads\/2022\/12\/kajak-kanoe-klub-komarno-optimized-opt.svg","contentUrl":"https:\/\/kajakkomarno.sk\/wp-content\/uploads\/2022\/12\/kajak-kanoe-klub-komarno-optimized-opt.svg","width":307,"height":66,"caption":"Kajak &amp; kanoe klub Kom\u00e1rno"},"image":{"@id":"https:\/\/kajakkomarno.sk\/#\/schema\/logo\/image\/"}}]}},"_links":{"self":[{"href":"https:\/\/kajakkomarno.sk\/hu\/wp-json\/wp\/v2\/pages\/3225","targetHints":{"allow":["GET"]}}],"collection":[{"href":"https:\/\/kajakkomarno.sk\/hu\/wp-json\/wp\/v2\/pages"}],"about":[{"href":"https:\/\/kajakkomarno.sk\/hu\/wp-json\/wp\/v2\/types\/page"}],"author":[{"embeddable":true,"href":"https:\/\/kajakkomarno.sk\/hu\/wp-json\/wp\/v2\/users\/1"}],"replies":[{"embeddable":true,"href":"https:\/\/kajakkomarno.sk\/hu\/wp-json\/wp\/v2\/comments?post=3225"}],"version-history":[{"count":2,"href":"https:\/\/kajakkomarno.sk\/hu\/wp-json\/wp\/v2\/pages\/3225\/revisions"}],"predecessor-version":[{"id":5284,"href":"https:\/\/kajakkomarno.sk\/hu\/wp-json\/wp\/v2\/pages\/3225\/revisions\/5284"}],"wp:attachment":[{"href":"https:\/\/kajakkomarno.sk\/hu\/wp-json\/wp\/v2\/media?parent=3225"}],"curies":[{"name":"wp","href":"https:\/\/api.w.org\/{rel}","templated":true}]}}